{"id":4136,"date":"2021-06-22T07:30:54","date_gmt":"2021-06-22T07:30:54","guid":{"rendered":"http:\/\/eurven.com\/?page_id=4136"},"modified":"2021-06-22T08:37:53","modified_gmt":"2021-06-22T08:37:53","slug":"compactadores-ecologicos-e-islas-ecologicas-para-municipios","status":"publish","type":"page","link":"https:\/\/eurven.com\/es\/compactadores-ecologicos-e-islas-ecologicas-para-municipios\/","title":{"rendered":"Compactadores Ecologicos e Islas Ecol\u00f3gicas para municipios"},"content":{"rendered":"<p>[vc_row full_width=\u00bbstretch_row\u00bb equal_height=\u00bbyes\u00bb css=\u00bb.vc_custom_1600688211060{background-image: url(http:\/\/eurven.com\/wp-content\/uploads\/2020\/09\/raccolta-differenziata-scuola.jpg?id=3158) !important;}\u00bb][vc_column css_animation=\u00bbfadeInUp\u00bb][vc_raw_html]JTNDZGl2JTIwc3R5bGUlM0QlMjJtaW4taGVpZ2h0JTNBMTIwcHglM0IlMjB3aWR0aCUzQTEwMCUyNSUyMiUzRSUzQyUyRmRpdiUzRQ==[\/vc_raw_html][vc_raw_html]JTNDc3R5bGUlM0UlMEElMEFib2R5JTIwLnNpdGUtY29udGVudCUyMCU3QiUwQSUyMCUyMCUyMCUyMHBhZGRpbmctdG9wJTNBJTIwMHB4JTIwJTIxaW1wb3J0YW50JTNCJTBBJTdEJTBBJTBBdWwlMjBsaSUyMCU3QiUwQSUyMCUyMCUyMCUyMGxpc3Qtc3R5bGUtcG9zaXRpb24lM0ElMjBvdXRzaWRlJTIwJTIxaW1wb3J0YW50JTNCJTBBJTIwJTIwJTIwJTIwbGluZS1oZWlnaHQlM0ElMjAxLjNyZW0lM0IlMEElN0QlMEElMEF1bCUyMGxpJTNBYmVmb3JlJTIwJTdCJTBBJTIwJTIwJTIwJTIwY29udGVudCUzQSUyMG5vbmUlMjAlMjFpbXBvcnRhbnQlM0IlMEElN0QlMEElMEEudmNfY3VzdG9tXzE2MDA2ODgyMTEwNjAlMjAlN0IlMEElMjAlMjAlMjAlMjBiYWNrZ3JvdW5kLXNpemUlM0Fjb3ZlciUzQiUwQSUyMCUyMCUyMCUyMGJhY2tncm91bmQtcG9zaXRpb24lM0FjZW50ZXIlMjAxMCUyNSUzQiUwQSUyMCUyMCUyMCUyMGJhY2tncm91bmQtcmVwZWF0JTNBJTIwbm8tcmVwZWF0JTNCJTBBJTdEJTBBJTNDJTJGc3R5bGUlM0U=[\/vc_raw_html][\/vc_column][\/vc_row][vc_row][vc_column css_animation=\u00bbfadeInUp\u00bb][cms_heading subtitle_color=\u00bb#509d29&#8243; text=\u00bbCompactadores Ecologicos e Islas Ecol\u00f3gicas para Municipios\u00bb tag=\u00bbh1&#8243; title_font_size=\u00bb33px\u00bb font_weight=\u00bb700&#8243; description_font_size=\u00bb25px\u00bb description_color=\u00bb#757575&#8243; align_text=\u00bbalign-center\u00bb cms_template=\u00bbcms_heading&#8211;layout2.php\u00bb][cms_space space_lg=\u00bb20&#8243; space_md=\u00bb20&#8243; space_sm=\u00bb20&#8243; space_xs=\u00bb20&#8243;][\/vc_column][\/vc_row][vc_row full_width=\u00bbstretch_row\u00bb equal_height=\u00bbyes\u00bb][vc_column css_animation=\u00bbfadeInLeft\u00bb width=\u00bb1\/2&#8243;][cms_heading subtitle=\u00bbSOLUCIONES PARA INCENTIVO A RECICLAR\u00bb text=\u00bbAl servicio de los Municipios y la Administraci\u00f3n P\u00fablica\u00bb cms_template=\u00bbcms_heading&#8211;layout2.php\u00bb][vc_empty_space height=\u00bb15px\u00bb][vc_column_text]Eurven ofrece los sistemas m\u00e1s avanzados, f\u00e1ciles de usar y m\u00e1s populares para proteger el medio ambiente y estimular la econom\u00eda local:<\/p>\n<blockquote><p>Con el reciclaje se gana no solo desde un punto de vista medioambiental sino tambi\u00e9n desde un punto de vista econ\u00f3mico. \u00bfC\u00f3mo? Con una red de negocios y comercios con conciencia ambiental, que brindan una serie de descuentos y ventajas a los ciudadanos que recolectar\u00e1n ecopuntos.<\/p><\/blockquote>\n<p>Eurven suministra compactadores ecol\u00f3gicos e islas ecol\u00f3gicas equipadas con la tecnolog\u00eda m\u00e1s avanzada de <strong>\u00abincentivo de reciclado\u00bb:<\/strong><\/p>\n<blockquote><p>sensibilizar a los ciudadanos sobre el respeto y la protecci\u00f3n del medio ambiente, con un reciclaje cada vez m\u00e1s cuidada y ejemplar para las generaciones m\u00e1s j\u00f3venes.<\/p><\/blockquote>\n<p>[\/vc_column_text][cms_button button_text=\u00bb\u00bfC\u00f3mo funciona?\u00bb button_link=\u00bburl:https%3A%2F%2Feurven.com%2Fes%2Fcompactadores-ecologicos%2F|title:Compactadores%20Ecologicos||\u00bb align_lg=\u00bbalign-center\u00bb align_md=\u00bbalign-center-md\u00bb align_sm=\u00bbalign-center-sm\u00bb align_xs=\u00bbalign-center-xs\u00bb][\/vc_column][vc_column css_animation=\u00bbfadeInRight\u00bb width=\u00bb1\/2&#8243;][cms_heading subtitle=\u00bbEjemplos\u00bb text=\u00bbProyectos Realizados\u00bb cms_template=\u00bbcms_heading&#8211;layout2.php\u00bb][vc_single_image image=\u00bb4138&#8243; img_size=\u00bbfull\u00bb alignment=\u00bbcenter\u00bb onclick=\u00bbcustom_link\u00bb link=\u00bbhttps:\/\/www.compattiamociacortona.it\/\u00bb css=\u00bb.vc_custom_1605519466454{margin-top: 8px !important;margin-right: 5% !important;margin-left: 5% !important;padding-right: 5% !important;padding-left: 5% !important;}\u00bb][cms_button button_text=\u00bbVer ejemplo: Cortona\u00bb button_link=\u00bburl:https%3A%2F%2Fwww.compattiamociacortona.it%2F|||\u00bb align_lg=\u00bbalign-center\u00bb align_md=\u00bbalign-center-md\u00bb align_sm=\u00bbalign-center-sm\u00bb align_xs=\u00bbalign-center-xs\u00bb][\/vc_column][\/vc_row][vc_row][vc_column][cms_space space_lg=\u00bb69&#8243; space_md=\u00bb69&#8243; space_sm=\u00bb69&#8243; space_xs=\u00bb69&#8243;][\/vc_column][\/vc_row][vc_row full_width=\u00bbstretch_row\u00bb css=\u00bb.vc_custom_1563869496939{padding-top: 17px !important;}\u00bb][vc_column css_animation=\u00bbfadeInUp\u00bb width=\u00bb4\/5&#8243;][cms_heading text=\u00bbDesplazar hacia abajo para ver nuestros compactadores ecol\u00f3gicos e islas ecol\u00f3gicas para municipios\u00bb tag=\u00bbh3&#8243; title_line_height=\u00bb46px\u00bb font_weight=\u00bb700&#8243; align_text=\u00bbalign-center\u00bb cms_template=\u00bbcms_heading.php\u00bb][cms_case_studies_carousel custom_source=\u00bbtrue\u00bb col_xs=\u00bb1&#8243; col_sm=\u00bb2&#8243; col_md=\u00bb3&#8243; col_lg=\u00bb3&#8243; loop=\u00bbtrue\u00bb autoplay=\u00bbtrue\u00bb bullets=\u00bbtrue\u00bb post_ids=\u00bb2827, 2828, 2829, 2731, 2830, 2835, 2833, 2832, 2861, 2859, 2857, 2850, 2852&#8243;][cms_space space_lg=\u00bb20&#8243; space_md=\u00bb20&#8243; space_sm=\u00bb20&#8243; space_xs=\u00bb20&#8243;][\/vc_column][vc_column width=\u00bb1\/5&#8243; css=\u00bb.vc_custom_1600724653959{border-top-width: 1px !important;border-right-width: 1px !important;border-bottom-width: 1px !important;border-left-width: 1px !important;padding-top: 15px !important;padding-bottom: 15px !important;background-color: #f4f4f4 !important;border-left-color: #6ba04e !important;border-left-style: solid !important;border-right-color: #6ba04e !important;border-right-style: solid !important;border-top-color: #6ba04e !important;border-top-style: solid !important;border-bottom-color: #6ba04e !important;border-bottom-style: solid !important;border-radius: 3px !important;}\u00bb][cms_contact_form id=\u00bb646&#8243;][\/vc_column][\/vc_row][vc_row][vc_column][cms_space space_lg=\u00bb69&#8243; space_md=\u00bb69&#8243; space_sm=\u00bb69&#8243; space_xs=\u00bb69&#8243;][\/vc_column][\/vc_row][vc_row full_width=\u00bbstretch_row_content\u00bb equal_height=\u00bbyes\u00bb cms_row_overflow=\u00bbrow-overflow-unset\u00bb][vc_column css_animation=\u00bbfadeInLeft\u00bb width=\u00bb1\/2&#8243; css=\u00bb.vc_custom_1563940404355{padding-left: 100px !important;background-color: #f9f9f9 !important;}\u00bb el_class=\u00bblg-no-padding\u00bb][cms_space space_lg=\u00bb95&#8243; space_md=\u00bb95&#8243; space_sm=\u00bb95&#8243; space_xs=\u00bb95&#8243;][vc_row_inner][vc_column_inner offset=\u00bbvc_col-lg-9&#8243;][cms_heading subtitle_margin_bottom=\u00bb11px\u00bb subtitle_color=\u00bb#509d29&#8243; text=\u00bbSistemas inteligentes de gesti\u00f3n de residuos\u00bb tag=\u00bbh3&#8243; title_font_size=\u00bb37px\u00bb title_line_height=\u00bb52px\u00bb font_weight=\u00bb700&#8243; cms_template=\u00bbcms_heading&#8211;layout3.php\u00bb][vc_column_text css=\u00bb.vc_custom_1624346572688{margin-top: 21px !important;margin-bottom: 32px !important;padding-right: 30px !important;}\u00bb]<\/p>\n<p style=\"font-size: 15px; line-height: 25px; color: #212121;\">uestros sistemas de reciclaje inteligente recolectan 40 millones de envases usados, desde botellas de pl\u00e1stico hasta envases PET. Los compactadores ecol\u00f3gicos Eurven permiten eliminar la emisi\u00f3n de gases de efecto invernadero hasta 20 millones de kg de CO2 al a\u00f1o.<\/p>\n<p>[\/vc_column_text][cms_button button_text=\u00bbInformaci\u00f3n y presupuestos\u00bb button_link=\u00bburl:https%3A%2F%2Feurven.com%2Fes%2Fcontacto%2F|title:Informaci%C3%B3n%20y%20presupuestos|target:%20_blank|\u00bb padding_right=\u00bb51px\u00bb padding_left=\u00bb51px\u00bb][\/vc_column_inner][\/vc_row_inner][cms_space space_lg=\u00bb130&#8243; space_md=\u00bb130&#8243; space_sm=\u00bb130&#8243; space_xs=\u00bb130&#8243;][\/vc_column][vc_column css_animation=\u00bbfadeInRight\u00bb width=\u00bb1\/2&#8243; css=\u00bb.vc_custom_1605521868622{background-image: url(http:\/\/eurven.com\/wp-content\/uploads\/2020\/11\/03.jpg?id=3450) !important;background-position: center !important;background-repeat: no-repeat !important;background-size: cover !important;}\u00bb][cms_space space_lg=\u00bb95&#8243; space_md=\u00bb95&#8243; space_sm=\u00bb95&#8243; space_xs=\u00bb95&#8243;][vc_row_inner css=\u00bb.vc_custom_1563938594440{padding-right: 24.5px !important;padding-left: 24.5px !important;}\u00bb][vc_column_inner el_class=\u00bbcms-box-shadow xxl-no-margin\u00bb css=\u00bb.vc_custom_1563959836088{margin-left: -154.5px !important;padding-top: 43px !important;padding-right: 50px !important;padding-bottom: 21px !important;padding-left: 50px !important;background-color: #ffffff !important;border-radius: 3px !important;}\u00bb animation_column=\u00bbnone\u00bb offset=\u00bbvc_col-lg-8&#8243;][cms_heading text=\u00bbLos compactadores ecol\u00f3gicos Eurven para el incentivo de reciclado en el planeta\u00bb tag=\u00bbh3&#8243; title_font_size=\u00bb25px\u00bb title_line_height=\u00bb34px\u00bb cms_template=\u00bbcms_heading.php\u00bb][cms_progressbar cms_progressbar_list=\u00bb%5B%7B%22item_title%22%3A%223000%20m%C3%A1quinas%20instaladas%20en%20Italia%22%2C%22value%22%3A%2290%22%7D%2C%7B%22item_title%22%3A%225000%20m%C3%A1quinas%20instaladas%20en%20todo%20el%20mundo%22%2C%22value%22%3A%2280%22%7D%2C%7B%22item_title%22%3A%22M%C3%A1s%20de%2010%20a%C3%B1os%20de%20experiencia%22%2C%22value%22%3A%22100%22%7D%5D\u00bb bg_progressbar=\u00bb#509d29&#8243;][\/vc_column_inner][\/vc_row_inner][cms_space space_lg=\u00bb130&#8243; space_md=\u00bb130&#8243; space_sm=\u00bb130&#8243; space_xs=\u00bb130&#8243;][\/vc_column][\/vc_row][vc_row][vc_column][cms_space space_lg=\u00bb104&#8243; space_md=\u00bb104&#8243; space_sm=\u00bb104&#8243; space_xs=\u00bb104&#8243;][vc_row_inner][vc_column_inner offset=\u00bbvc_col-md-offset-3 vc_col-md-6&#8243;][cms_heading subtitle=\u00bbAyudas y Proyectos\u00bb text=\u00bbIslas Ecol\u00f3gicas para municipios\u00bb description_font_size=\u00bb16px\u00bb description_color=\u00bb#656565&#8243; align_text=\u00bbalign-center\u00bb cms_template=\u00bbcms_heading&#8211;layout2.php\u00bb][\/vc_column_inner][\/vc_row_inner][cms_space space_lg=\u00bb27&#8243; space_md=\u00bb27&#8243; space_sm=\u00bb27&#8243; space_xs=\u00bb27&#8243;][\/vc_column][\/vc_row][vc_row css=\u00bb.vc_custom_1605523657334{margin-right: 8% !important;margin-left: 8% !important;}\u00bb][vc_column][cms_space space_lg=\u00bb27&#8243; space_md=\u00bb27&#8243; space_sm=\u00bb27&#8243; space_xs=\u00bb27&#8243;][vc_column_text]<img decoding=\"async\" width=\"384\" height=\"512\" class=\" wp-image-3090 alignleft\" style=\"max-width: 250px; height: auto;\" src=\"http:\/\/eurven.com\/wp-content\/uploads\/2020\/04\/ECM1100_forlimpopoli1.jpg\" alt=\"macchine mangiaplastica per comuni, raccolta differenziata, isole ecologiche\" \/><span style=\"font-size: 1.3rem; line-height: 2.2rem;\">Solicita un primer contacto para tu Municipio: los consultores Eurven ofrecen soluciones completas, desde el proyecto hasta la tecnolog\u00eda, hasta el apoyo en la comunicaci\u00f3n y sensibilizaci\u00f3n.<\/span><\/p>\n<blockquote style=\"line-height: 1.8rem;\"><p>La experiencia adquirida nos permite responder a diversas exigencias, adaptando la tecnolog\u00eda y el funcionamiento de los sistemas de \u00abreciclaje estimulante\u00bb a la realidad local particular, implicando a la administraci\u00f3n, a los ciudadanos y a las actividades econ\u00f3micas en la protecci\u00f3n del medio ambiente, con evidentes ventajas tambi\u00e9n desde el punto de vista social y econ\u00f3mico.<\/p><\/blockquote>\n<p>[\/vc_column_text][\/vc_column][\/vc_row]<\/p>\n","protected":false},"excerpt":{"rendered":"<p>[vc_row full_width=\u00bbstretch_row\u00bb equal_height=\u00bbyes\u00bb css=\u00bb.vc_custom_1600688211060{background-image: url(http:\/\/eurven.com\/wp-content\/uploads\/2020\/09\/raccolta-differenziata-scuola.jpg?id=3158) !important;}\u00bb][vc_column css_animation=\u00bbfadeInUp\u00bb][vc_raw_html]JTNDZGl2JTIwc3R5bGUlM0QlMjJtaW4taGVpZ2h0JTNBMTIwcHglM0IlMjB3aWR0aCUzQTEwMCUyNSUyMiUzRSUzQyUyRmRpdiUzRQ==[\/vc_raw_html][vc_raw_html]JTNDc3R5bGUlM0UlMEElMEFib2R5JTIwLnNpdGUtY29udGVudCUyMCU3QiUwQSUyMCUyMCUyMCUyMHBhZGRpbmctdG9wJTNBJTIwMHB4JTIwJTIxaW1wb3J0YW50JTNCJTBBJTdEJTBBJTBBdWwlMjBsaSUyMCU3QiUwQSUyMCUyMCUyMCUyMGxpc3Qtc3R5bGUtcG9zaXRpb24lM0ElMjBvdXRzaWRlJTIwJTIxaW1wb3J0YW50JTNCJTBBJTIwJTIwJTIwJTIwbGluZS1oZWlnaHQlM0ElMjAxLjNyZW0lM0IlMEElN0QlMEElMEF1bCUyMGxpJTNBYmVmb3JlJTIwJTdCJTBBJTIwJTIwJTIwJTIwY29udGVudCUzQSUyMG5vbmUlMjAlMjFpbXBvcnRhbnQlM0IlMEElN0QlMEElMEEudmNfY3VzdG9tXzE2MDA2ODgyMTEwNjAlMjAlN0IlMEElMjAlMjAlMjAlMjBiYWNrZ3JvdW5kLXNpemUlM0Fjb3ZlciUzQiUwQSUyMCUyMCUyMCUyMGJhY2tncm91bmQtcG9zaXRpb24lM0FjZW50ZXIlMjAxMCUyNSUzQiUwQSUyMCUyMCUyMCUyMGJhY2tncm91bmQtcmVwZWF0JTNBJTIwbm8tcmVwZWF0JTNCJTBBJTdEJTBBJTNDJTJGc3R5bGUlM0U=[\/vc_raw_html][\/vc_column][\/vc_row][vc_row][vc_column css_animation=\u00bbfadeInUp\u00bb][cms_heading subtitle_color=\u00bb#509d29&#8243; text=\u00bbCompactadores Ecologicos e Islas Ecol\u00f3gicas para Municipios\u00bb tag=\u00bbh1&#8243; title_font_size=\u00bb33px\u00bb font_weight=\u00bb700&#8243; description_font_size=\u00bb25px\u00bb description_color=\u00bb#757575&#8243; align_text=\u00bbalign-center\u00bb cms_template=\u00bbcms_heading&#8211;layout2.php\u00bb][cms_space space_lg=\u00bb20&#8243; space_md=\u00bb20&#8243; space_sm=\u00bb20&#8243; space_xs=\u00bb20&#8243;][\/vc_column][\/vc_row][vc_row full_width=\u00bbstretch_row\u00bb equal_height=\u00bbyes\u00bb][vc_column css_animation=\u00bbfadeInLeft\u00bb width=\u00bb1\/2&#8243;][cms_heading subtitle=\u00bbSOLUCIONES PARA INCENTIVO A RECICLAR\u00bb text=\u00bbAl servicio de los Municipios y la Administraci\u00f3n P\u00fablica\u00bb cms_template=\u00bbcms_heading&#8211;layout2.php\u00bb][vc_empty_space height=\u00bb15px\u00bb][vc_column_text]Eurven ofrece los sistemas m\u00e1s avanzados, f\u00e1ciles de usar [&hellip;]<\/p>\n","protected":false},"author":2,"featured_media":0,"parent":0,"menu_order":0,"comment_status":"closed","ping_status":"closed","template":"","meta":[],"yoast_head":"<!-- This site is optimized with the Yoast SEO plugin v20.0 - https:\/\/yoast.com\/wordpress\/plugins\/seo\/ -->\n<title>Compactadores Ecologicos e Islas Ecol\u00f3gicas para municipios - Eurven<\/title>\n<meta name=\"robots\" content=\"index, follow, max-snippet:-1, max-image-preview:large, max-video-preview:-1\" \/>\n<link rel=\"canonical\" href=\"https:\/\/eurven.com\/es\/compactadores-ecologicos-e-islas-ecologicas-para-municipios\/\" \/>\n<meta property=\"og:locale\" content=\"es_ES\" \/>\n<meta property=\"og:type\" content=\"article\" \/>\n<meta property=\"og:title\" content=\"Compactadores Ecologicos e Islas Ecol\u00f3gicas para municipios - Eurven\" \/>\n<meta property=\"og:description\" content=\"[vc_row full_width=\u00bbstretch_row\u00bb equal_height=\u00bbyes\u00bb css=\u00bb.vc_custom_1600688211060{background-image: url(http:\/\/eurven.com\/wp-content\/uploads\/2020\/09\/raccolta-differenziata-scuola.jpg?id=3158) !important;}\u00bb][vc_column css_animation=\u00bbfadeInUp\u00bb][vc_raw_html]JTNDZGl2JTIwc3R5bGUlM0QlMjJtaW4taGVpZ2h0JTNBMTIwcHglM0IlMjB3aWR0aCUzQTEwMCUyNSUyMiUzRSUzQyUyRmRpdiUzRQ==[\/vc_raw_html][vc_raw_html]JTNDc3R5bGUlM0UlMEElMEFib2R5JTIwLnNpdGUtY29udGVudCUyMCU3QiUwQSUyMCUyMCUyMCUyMHBhZGRpbmctdG9wJTNBJTIwMHB4JTIwJTIxaW1wb3J0YW50JTNCJTBBJTdEJTBBJTBBdWwlMjBsaSUyMCU3QiUwQSUyMCUyMCUyMCUyMGxpc3Qtc3R5bGUtcG9zaXRpb24lM0ElMjBvdXRzaWRlJTIwJTIxaW1wb3J0YW50JTNCJTBBJTIwJTIwJTIwJTIwbGluZS1oZWlnaHQlM0ElMjAxLjNyZW0lM0IlMEElN0QlMEElMEF1bCUyMGxpJTNBYmVmb3JlJTIwJTdCJTBBJTIwJTIwJTIwJTIwY29udGVudCUzQSUyMG5vbmUlMjAlMjFpbXBvcnRhbnQlM0IlMEElN0QlMEElMEEudmNfY3VzdG9tXzE2MDA2ODgyMTEwNjAlMjAlN0IlMEElMjAlMjAlMjAlMjBiYWNrZ3JvdW5kLXNpemUlM0Fjb3ZlciUzQiUwQSUyMCUyMCUyMCUyMGJhY2tncm91bmQtcG9zaXRpb24lM0FjZW50ZXIlMjAxMCUyNSUzQiUwQSUyMCUyMCUyMCUyMGJhY2tncm91bmQtcmVwZWF0JTNBJTIwbm8tcmVwZWF0JTNCJTBBJTdEJTBBJTNDJTJGc3R5bGUlM0U=[\/vc_raw_html][\/vc_column][\/vc_row][vc_row][vc_column css_animation=\u00bbfadeInUp\u00bb][cms_heading subtitle_color=\u00bb#509d29&#8243; text=\u00bbCompactadores Ecologicos e Islas Ecol\u00f3gicas para Municipios\u00bb tag=\u00bbh1&#8243; title_font_size=\u00bb33px\u00bb font_weight=\u00bb700&#8243; description_font_size=\u00bb25px\u00bb description_color=\u00bb#757575&#8243; align_text=\u00bbalign-center\u00bb cms_template=\u00bbcms_heading&#8211;layout2.php\u00bb][cms_space space_lg=\u00bb20&#8243; space_md=\u00bb20&#8243; space_sm=\u00bb20&#8243; space_xs=\u00bb20&#8243;][\/vc_column][\/vc_row][vc_row full_width=\u00bbstretch_row\u00bb equal_height=\u00bbyes\u00bb][vc_column css_animation=\u00bbfadeInLeft\u00bb width=\u00bb1\/2&#8243;][cms_heading subtitle=\u00bbSOLUCIONES PARA INCENTIVO A RECICLAR\u00bb text=\u00bbAl servicio de los Municipios y la Administraci\u00f3n P\u00fablica\u00bb cms_template=\u00bbcms_heading&#8211;layout2.php\u00bb][vc_empty_space height=\u00bb15px\u00bb][vc_column_text]Eurven ofrece los sistemas m\u00e1s avanzados, f\u00e1ciles de usar [&hellip;]\" \/>\n<meta property=\"og:url\" content=\"https:\/\/eurven.com\/es\/compactadores-ecologicos-e-islas-ecologicas-para-municipios\/\" \/>\n<meta property=\"og:site_name\" content=\"Eurven\" \/>\n<meta property=\"article:modified_time\" content=\"2021-06-22T08:37:53+00:00\" \/>\n<meta property=\"og:image\" content=\"http:\/\/eurven.com\/wp-content\/uploads\/2020\/04\/ECM1100_forlimpopoli1.jpg\" \/>\n<meta name=\"twitter:card\" content=\"summary_large_image\" \/>\n<meta name=\"twitter:label1\" content=\"Tiempo de lectura\" \/>\n\t<meta name=\"twitter:data1\" content=\"3 minutos\" \/>\n<script type=\"application\/ld+json\" class=\"yoast-schema-graph\">{\"@context\":\"https:\/\/schema.org\",\"@graph\":[{\"@type\":\"WebPage\",\"@id\":\"https:\/\/eurven.com\/es\/compactadores-ecologicos-e-islas-ecologicas-para-municipios\/\",\"url\":\"https:\/\/eurven.com\/es\/compactadores-ecologicos-e-islas-ecologicas-para-municipios\/\",\"name\":\"Compactadores Ecologicos e Islas Ecol\u00f3gicas para municipios - Eurven\",\"isPartOf\":{\"@id\":\"https:\/\/eurven.com\/en\/#website\"},\"datePublished\":\"2021-06-22T07:30:54+00:00\",\"dateModified\":\"2021-06-22T08:37:53+00:00\",\"breadcrumb\":{\"@id\":\"https:\/\/eurven.com\/es\/compactadores-ecologicos-e-islas-ecologicas-para-municipios\/#breadcrumb\"},\"inLanguage\":\"es\",\"potentialAction\":[{\"@type\":\"ReadAction\",\"target\":[\"https:\/\/eurven.com\/es\/compactadores-ecologicos-e-islas-ecologicas-para-municipios\/\"]}]},{\"@type\":\"BreadcrumbList\",\"@id\":\"https:\/\/eurven.com\/es\/compactadores-ecologicos-e-islas-ecologicas-para-municipios\/#breadcrumb\",\"itemListElement\":[{\"@type\":\"ListItem\",\"position\":1,\"name\":\"Home\",\"item\":\"https:\/\/eurven.com\/es\/\"},{\"@type\":\"ListItem\",\"position\":2,\"name\":\"Compactadores Ecologicos e Islas Ecol\u00f3gicas para municipios\"}]},{\"@type\":\"WebSite\",\"@id\":\"https:\/\/eurven.com\/en\/#website\",\"url\":\"https:\/\/eurven.com\/en\/\",\"name\":\"Eurven\",\"description\":\"Compacting and recycling tecnology\",\"publisher\":{\"@id\":\"https:\/\/eurven.com\/en\/#organization\"},\"potentialAction\":[{\"@type\":\"SearchAction\",\"target\":{\"@type\":\"EntryPoint\",\"urlTemplate\":\"https:\/\/eurven.com\/en\/?s={search_term_string}\"},\"query-input\":\"required name=search_term_string\"}],\"inLanguage\":\"es\"},{\"@type\":\"Organization\",\"@id\":\"https:\/\/eurven.com\/en\/#organization\",\"name\":\"Eurven\",\"url\":\"https:\/\/eurven.com\/en\/\",\"logo\":{\"@type\":\"ImageObject\",\"inLanguage\":\"es\",\"@id\":\"https:\/\/eurven.com\/en\/#\/schema\/logo\/image\/\",\"url\":\"https:\/\/eurven.com\/wp-content\/uploads\/2019\/12\/logo_eurven_black.png\",\"contentUrl\":\"https:\/\/eurven.com\/wp-content\/uploads\/2019\/12\/logo_eurven_black.png\",\"width\":200,\"height\":180,\"caption\":\"Eurven\"},\"image\":{\"@id\":\"https:\/\/eurven.com\/en\/#\/schema\/logo\/image\/\"}}]}<\/script>\n<!-- \/ Yoast SEO plugin. -->","yoast_head_json":{"title":"Compactadores Ecologicos e Islas Ecol\u00f3gicas para municipios - Eurven","robots":{"index":"index","follow":"follow","max-snippet":"max-snippet:-1","max-image-preview":"max-image-preview:large","max-video-preview":"max-video-preview:-1"},"canonical":"https:\/\/eurven.com\/es\/compactadores-ecologicos-e-islas-ecologicas-para-municipios\/","og_locale":"es_ES","og_type":"article","og_title":"Compactadores Ecologicos e Islas Ecol\u00f3gicas para municipios - Eurven","og_description":"[vc_row full_width=\u00bbstretch_row\u00bb equal_height=\u00bbyes\u00bb css=\u00bb.vc_custom_1600688211060{background-image: url(http:\/\/eurven.com\/wp-content\/uploads\/2020\/09\/raccolta-differenziata-scuola.jpg?id=3158) !important;}\u00bb][vc_column css_animation=\u00bbfadeInUp\u00bb][vc_raw_html]JTNDZGl2JTIwc3R5bGUlM0QlMjJtaW4taGVpZ2h0JTNBMTIwcHglM0IlMjB3aWR0aCUzQTEwMCUyNSUyMiUzRSUzQyUyRmRpdiUzRQ==[\/vc_raw_html][vc_raw_html]JTNDc3R5bGUlM0UlMEElMEFib2R5JTIwLnNpdGUtY29udGVudCUyMCU3QiUwQSUyMCUyMCUyMCUyMHBhZGRpbmctdG9wJTNBJTIwMHB4JTIwJTIxaW1wb3J0YW50JTNCJTBBJTdEJTBBJTBBdWwlMjBsaSUyMCU3QiUwQSUyMCUyMCUyMCUyMGxpc3Qtc3R5bGUtcG9zaXRpb24lM0ElMjBvdXRzaWRlJTIwJTIxaW1wb3J0YW50JTNCJTBBJTIwJTIwJTIwJTIwbGluZS1oZWlnaHQlM0ElMjAxLjNyZW0lM0IlMEElN0QlMEElMEF1bCUyMGxpJTNBYmVmb3JlJTIwJTdCJTBBJTIwJTIwJTIwJTIwY29udGVudCUzQSUyMG5vbmUlMjAlMjFpbXBvcnRhbnQlM0IlMEElN0QlMEElMEEudmNfY3VzdG9tXzE2MDA2ODgyMTEwNjAlMjAlN0IlMEElMjAlMjAlMjAlMjBiYWNrZ3JvdW5kLXNpemUlM0Fjb3ZlciUzQiUwQSUyMCUyMCUyMCUyMGJhY2tncm91bmQtcG9zaXRpb24lM0FjZW50ZXIlMjAxMCUyNSUzQiUwQSUyMCUyMCUyMCUyMGJhY2tncm91bmQtcmVwZWF0JTNBJTIwbm8tcmVwZWF0JTNCJTBBJTdEJTBBJTNDJTJGc3R5bGUlM0U=[\/vc_raw_html][\/vc_column][\/vc_row][vc_row][vc_column css_animation=\u00bbfadeInUp\u00bb][cms_heading subtitle_color=\u00bb#509d29&#8243; text=\u00bbCompactadores Ecologicos e Islas Ecol\u00f3gicas para Municipios\u00bb tag=\u00bbh1&#8243; title_font_size=\u00bb33px\u00bb font_weight=\u00bb700&#8243; description_font_size=\u00bb25px\u00bb description_color=\u00bb#757575&#8243; align_text=\u00bbalign-center\u00bb cms_template=\u00bbcms_heading&#8211;layout2.php\u00bb][cms_space space_lg=\u00bb20&#8243; space_md=\u00bb20&#8243; space_sm=\u00bb20&#8243; space_xs=\u00bb20&#8243;][\/vc_column][\/vc_row][vc_row full_width=\u00bbstretch_row\u00bb equal_height=\u00bbyes\u00bb][vc_column css_animation=\u00bbfadeInLeft\u00bb width=\u00bb1\/2&#8243;][cms_heading subtitle=\u00bbSOLUCIONES PARA INCENTIVO A RECICLAR\u00bb text=\u00bbAl servicio de los Municipios y la Administraci\u00f3n P\u00fablica\u00bb cms_template=\u00bbcms_heading&#8211;layout2.php\u00bb][vc_empty_space height=\u00bb15px\u00bb][vc_column_text]Eurven ofrece los sistemas m\u00e1s avanzados, f\u00e1ciles de usar [&hellip;]","og_url":"https:\/\/eurven.com\/es\/compactadores-ecologicos-e-islas-ecologicas-para-municipios\/","og_site_name":"Eurven","article_modified_time":"2021-06-22T08:37:53+00:00","og_image":[{"url":"http:\/\/eurven.com\/wp-content\/uploads\/2020\/04\/ECM1100_forlimpopoli1.jpg"}],"twitter_card":"summary_large_image","twitter_misc":{"Tiempo de lectura":"3 minutos"},"schema":{"@context":"https:\/\/schema.org","@graph":[{"@type":"WebPage","@id":"https:\/\/eurven.com\/es\/compactadores-ecologicos-e-islas-ecologicas-para-municipios\/","url":"https:\/\/eurven.com\/es\/compactadores-ecologicos-e-islas-ecologicas-para-municipios\/","name":"Compactadores Ecologicos e Islas Ecol\u00f3gicas para municipios - Eurven","isPartOf":{"@id":"https:\/\/eurven.com\/en\/#website"},"datePublished":"2021-06-22T07:30:54+00:00","dateModified":"2021-06-22T08:37:53+00:00","breadcrumb":{"@id":"https:\/\/eurven.com\/es\/compactadores-ecologicos-e-islas-ecologicas-para-municipios\/#breadcrumb"},"inLanguage":"es","potentialAction":[{"@type":"ReadAction","target":["https:\/\/eurven.com\/es\/compactadores-ecologicos-e-islas-ecologicas-para-municipios\/"]}]},{"@type":"BreadcrumbList","@id":"https:\/\/eurven.com\/es\/compactadores-ecologicos-e-islas-ecologicas-para-municipios\/#breadcrumb","itemListElement":[{"@type":"ListItem","position":1,"name":"Home","item":"https:\/\/eurven.com\/es\/"},{"@type":"ListItem","position":2,"name":"Compactadores Ecologicos e Islas Ecol\u00f3gicas para municipios"}]},{"@type":"WebSite","@id":"https:\/\/eurven.com\/en\/#website","url":"https:\/\/eurven.com\/en\/","name":"Eurven","description":"Compacting and recycling tecnology","publisher":{"@id":"https:\/\/eurven.com\/en\/#organization"},"potentialAction":[{"@type":"SearchAction","target":{"@type":"EntryPoint","urlTemplate":"https:\/\/eurven.com\/en\/?s={search_term_string}"},"query-input":"required name=search_term_string"}],"inLanguage":"es"},{"@type":"Organization","@id":"https:\/\/eurven.com\/en\/#organization","name":"Eurven","url":"https:\/\/eurven.com\/en\/","logo":{"@type":"ImageObject","inLanguage":"es","@id":"https:\/\/eurven.com\/en\/#\/schema\/logo\/image\/","url":"https:\/\/eurven.com\/wp-content\/uploads\/2019\/12\/logo_eurven_black.png","contentUrl":"https:\/\/eurven.com\/wp-content\/uploads\/2019\/12\/logo_eurven_black.png","width":200,"height":180,"caption":"Eurven"},"image":{"@id":"https:\/\/eurven.com\/en\/#\/schema\/logo\/image\/"}}]}},"_links":{"self":[{"href":"https:\/\/eurven.com\/es\/wp-json\/wp\/v2\/pages\/4136"}],"collection":[{"href":"https:\/\/eurven.com\/es\/wp-json\/wp\/v2\/pages"}],"about":[{"href":"https:\/\/eurven.com\/es\/wp-json\/wp\/v2\/types\/page"}],"author":[{"embeddable":true,"href":"https:\/\/eurven.com\/es\/wp-json\/wp\/v2\/users\/2"}],"replies":[{"embeddable":true,"href":"https:\/\/eurven.com\/es\/wp-json\/wp\/v2\/comments?post=4136"}],"version-history":[{"count":7,"href":"https:\/\/eurven.com\/es\/wp-json\/wp\/v2\/pages\/4136\/revisions"}],"predecessor-version":[{"id":4163,"href":"https:\/\/eurven.com\/es\/wp-json\/wp\/v2\/pages\/4136\/revisions\/4163"}],"wp:attachment":[{"href":"https:\/\/eurven.com\/es\/wp-json\/wp\/v2\/media?parent=4136"}],"curies":[{"name":"wp","href":"https:\/\/api.w.org\/{rel}","templated":true}]}}