{"id":4051,"date":"2021-06-21T14:43:41","date_gmt":"2021-06-21T14:43:41","guid":{"rendered":"http:\/\/eurven.com\/?page_id=4051"},"modified":"2021-06-22T08:04:11","modified_gmt":"2021-06-22T08:04:11","slug":"soporte-y-servicio","status":"publish","type":"page","link":"https:\/\/eurven.com\/es\/soporte-y-servicio\/","title":{"rendered":"Soporte y Servicio"},"content":{"rendered":"<p>[vc_row equal_height=\u00bbyes\u00bb content_placement=\u00bbbottom\u00bb css_animation=\u00bbnone\u00bb cms_row_overflow=\u00bbrow-overflow-unset\u00bb][vc_column][vc_row_inner][vc_column_inner css=\u00bb.vc_custom_1564634316752{padding-right: 50px !important;}\u00bb][cms_heading subtitle_margin_bottom=\u00bb11px\u00bb text=\u00bbEl Servicio Eurven\u00bb title_font_size=\u00bb37px\u00bb title_line_height=\u00bb52px\u00bb font_weight=\u00bb700&#8243; cms_template=\u00bbcms_heading&#8211;layout3.php\u00bb][vc_column_text css=\u00bb.vc_custom_1624286466222{margin-top: 31px !important;margin-bottom: 26px !important;padding-right: 25px !important;}\u00bb]Damos la m\u00e1xima importancia y <strong>valor al soporte y servicio postventa<\/strong>. Nuestro centro de mantenimiento responde r\u00e1pida y claramente a las necesidades del cliente. Nuestra red de socios gestiona de manera eficiente todos los aspectos del servicio y el mantenimiento del producto, desde los accesorios hasta los sistemas tecnol\u00f3gicos.[\/vc_column_text][\/vc_column_inner][\/vc_row_inner][\/vc_column][\/vc_row][vc_row equal_height=\u00bbyes\u00bb content_placement=\u00bbbottom\u00bb css_animation=\u00bbnone\u00bb cms_row_overflow=\u00bbrow-overflow-unset\u00bb][vc_column][vc_row_inner][vc_column_inner css=\u00bb.vc_custom_1564634316752{padding-right: 50px !important;}\u00bb][cms_space space_lg=\u00bb61&#8243; space_md=\u00bb61&#8243; space_sm=\u00bb61&#8243; space_xs=\u00bb61&#8243;][cms_heading subtitle_margin_bottom=\u00bb11px\u00bb text=\u00bbCompetencia a vuestro servicio\u00bb tag=\u00bbh3&#8243; title_font_size=\u00bb37px\u00bb title_line_height=\u00bb52px\u00bb font_weight=\u00bb700&#8243; cms_template=\u00bbcms_heading&#8211;layout3.php\u00bb][vc_column_text css=\u00bb.vc_custom_1624286507515{margin-top: 31px !important;margin-bottom: 26px !important;padding-right: 25px !important;}\u00bb]Nuestras soluciones de Reverse Vending est\u00e1n dise\u00f1adas para garantizar la m\u00e1xima eficiencia y confiabilidad operativa. <strong>Personal disponible y capacitado est\u00e1 a tu lado.<\/strong>[\/vc_column_text][\/vc_column_inner][\/vc_row_inner][vc_row_inner][vc_column_inner width=\u00bb1\/2&#8243;][cms_list cms_list=\u00bb%5B%7B%22cms_list_item%22%3A%22Equipo%20de%20t%C3%A9cnicos%20y%20asociados%20que%20instalan%20ofrecen%20capacitaciones%20in%20situ.%22%7D%2C%7B%22cms_list_item%22%3A%22Los%20paquetes%20de%20asistencia%2C%20creados%20ad%20hoc%2C%20garantizan%20la%20eficiencia%20y%20rapidez%20de%20respuesta%2C%20con%20el%20objetivo%20de%20minimizar%20el%20tiempo%20de%20inactividad%20de%20las%20maquinas.%22%7D%5D\u00bb cms_list_fontsize=\u00bb14px\u00bb cms_list_font_weight=\u00bb400&#8243; cms_list_color=\u00bb#9b9b9b\u00bb icon_fontawesome=\u00bbfa fa-check\u00bb cms_icon_font_size=\u00bb16px\u00bb cms_icon_color=\u00bb#509d29&#8243;][\/vc_column_inner][vc_column_inner width=\u00bb1\/2&#8243;][cms_list cms_list=\u00bb%5B%7B%22cms_list_item%22%3A%22Los%20costos%20de%20mantenimiento%20de%20los%20compactadores%20ecol%C3%B3gicos%20y%20otras%20maquinarias%20son%20f%C3%A1cilmente%20predecibles.%22%7D%2C%7B%22cms_list_item%22%3A%22Mantenimiento%20activo%20para%20solicitudes%20de%20soporte%20incluso%20durante%20vacaciones%20y%20d%C3%ADas%20festivos.%22%7D%2C%7B%22cms_list_item%22%3A%22M%C3%A1xima%20tecnolog%C3%ADa%20para%20la%20asistencia%20y%20el%20diagn%C3%B3stico%20de%20reverse%20vending%20remoto%2C%20en%20cualquier%20momento%2C%20para%20asegurar%20la%20continuidad%20de%20funcionamiento%20de%20las%20m%C3%A1quinas.%22%7D%5D\u00bb cms_list_fontsize=\u00bb14px\u00bb cms_list_font_weight=\u00bb400&#8243; cms_list_color=\u00bb#9b9b9b\u00bb icon_fontawesome=\u00bbfa fa-check\u00bb cms_icon_font_size=\u00bb16px\u00bb cms_icon_color=\u00bb#509d29&#8243;][\/vc_column_inner][\/vc_row_inner][cms_space space_lg=\u00bb65&#8243; space_md=\u00bb65&#8243; space_sm=\u00bb65&#8243; space_xs=\u00bb65&#8243;][\/vc_column][\/vc_row]<\/p>\n","protected":false},"excerpt":{"rendered":"<p>[vc_row equal_height=\u00bbyes\u00bb content_placement=\u00bbbottom\u00bb css_animation=\u00bbnone\u00bb cms_row_overflow=\u00bbrow-overflow-unset\u00bb][vc_column][vc_row_inner][vc_column_inner css=\u00bb.vc_custom_1564634316752{padding-right: 50px !important;}\u00bb][cms_heading subtitle_margin_bottom=\u00bb11px\u00bb text=\u00bbEl Servicio Eurven\u00bb title_font_size=\u00bb37px\u00bb title_line_height=\u00bb52px\u00bb font_weight=\u00bb700&#8243; cms_template=\u00bbcms_heading&#8211;layout3.php\u00bb][vc_column_text css=\u00bb.vc_custom_1624286466222{margin-top: 31px !important;margin-bottom: 26px !important;padding-right: 25px !important;}\u00bb]Damos la m\u00e1xima importancia y valor al soporte y servicio postventa. Nuestro centro de mantenimiento responde r\u00e1pida y claramente a las necesidades del cliente. Nuestra red de socios gestiona de manera eficiente todos [&hellip;]<\/p>\n","protected":false},"author":2,"featured_media":0,"parent":0,"menu_order":0,"comment_status":"closed","ping_status":"closed","template":"","meta":[],"yoast_head":"<!-- This site is optimized with the Yoast SEO plugin v20.0 - https:\/\/yoast.com\/wordpress\/plugins\/seo\/ -->\n<title>Soporte y Servicio - Eurven<\/title>\n<meta name=\"robots\" content=\"index, follow, max-snippet:-1, max-image-preview:large, max-video-preview:-1\" \/>\n<link rel=\"canonical\" href=\"https:\/\/eurven.com\/es\/soporte-y-servicio\/\" \/>\n<meta property=\"og:locale\" content=\"es_ES\" \/>\n<meta property=\"og:type\" content=\"article\" \/>\n<meta property=\"og:title\" content=\"Soporte y Servicio - Eurven\" \/>\n<meta property=\"og:description\" content=\"[vc_row equal_height=\u00bbyes\u00bb content_placement=\u00bbbottom\u00bb css_animation=\u00bbnone\u00bb cms_row_overflow=\u00bbrow-overflow-unset\u00bb][vc_column][vc_row_inner][vc_column_inner css=\u00bb.vc_custom_1564634316752{padding-right: 50px !important;}\u00bb][cms_heading subtitle_margin_bottom=\u00bb11px\u00bb text=\u00bbEl Servicio Eurven\u00bb title_font_size=\u00bb37px\u00bb title_line_height=\u00bb52px\u00bb font_weight=\u00bb700&#8243; cms_template=\u00bbcms_heading&#8211;layout3.php\u00bb][vc_column_text css=\u00bb.vc_custom_1624286466222{margin-top: 31px !important;margin-bottom: 26px !important;padding-right: 25px !important;}\u00bb]Damos la m\u00e1xima importancia y valor al soporte y servicio postventa. Nuestro centro de mantenimiento responde r\u00e1pida y claramente a las necesidades del cliente. Nuestra red de socios gestiona de manera eficiente todos [&hellip;]\" \/>\n<meta property=\"og:url\" content=\"https:\/\/eurven.com\/es\/soporte-y-servicio\/\" \/>\n<meta property=\"og:site_name\" content=\"Eurven\" \/>\n<meta property=\"article:modified_time\" content=\"2021-06-22T08:04:11+00:00\" \/>\n<meta name=\"twitter:card\" content=\"summary_large_image\" \/>\n<meta name=\"twitter:label1\" content=\"Tiempo de lectura\" \/>\n\t<meta name=\"twitter:data1\" content=\"1 minuto\" \/>\n<script type=\"application\/ld+json\" class=\"yoast-schema-graph\">{\"@context\":\"https:\/\/schema.org\",\"@graph\":[{\"@type\":\"WebPage\",\"@id\":\"https:\/\/eurven.com\/es\/soporte-y-servicio\/\",\"url\":\"https:\/\/eurven.com\/es\/soporte-y-servicio\/\",\"name\":\"Soporte y Servicio - Eurven\",\"isPartOf\":{\"@id\":\"https:\/\/eurven.com\/en\/#website\"},\"datePublished\":\"2021-06-21T14:43:41+00:00\",\"dateModified\":\"2021-06-22T08:04:11+00:00\",\"breadcrumb\":{\"@id\":\"https:\/\/eurven.com\/es\/soporte-y-servicio\/#breadcrumb\"},\"inLanguage\":\"es\",\"potentialAction\":[{\"@type\":\"ReadAction\",\"target\":[\"https:\/\/eurven.com\/es\/soporte-y-servicio\/\"]}]},{\"@type\":\"BreadcrumbList\",\"@id\":\"https:\/\/eurven.com\/es\/soporte-y-servicio\/#breadcrumb\",\"itemListElement\":[{\"@type\":\"ListItem\",\"position\":1,\"name\":\"Home\",\"item\":\"https:\/\/eurven.com\/es\/\"},{\"@type\":\"ListItem\",\"position\":2,\"name\":\"Soporte y Servicio\"}]},{\"@type\":\"WebSite\",\"@id\":\"https:\/\/eurven.com\/en\/#website\",\"url\":\"https:\/\/eurven.com\/en\/\",\"name\":\"Eurven\",\"description\":\"Compacting and recycling tecnology\",\"publisher\":{\"@id\":\"https:\/\/eurven.com\/en\/#organization\"},\"potentialAction\":[{\"@type\":\"SearchAction\",\"target\":{\"@type\":\"EntryPoint\",\"urlTemplate\":\"https:\/\/eurven.com\/en\/?s={search_term_string}\"},\"query-input\":\"required name=search_term_string\"}],\"inLanguage\":\"es\"},{\"@type\":\"Organization\",\"@id\":\"https:\/\/eurven.com\/en\/#organization\",\"name\":\"Eurven\",\"url\":\"https:\/\/eurven.com\/en\/\",\"logo\":{\"@type\":\"ImageObject\",\"inLanguage\":\"es\",\"@id\":\"https:\/\/eurven.com\/en\/#\/schema\/logo\/image\/\",\"url\":\"https:\/\/eurven.com\/wp-content\/uploads\/2019\/12\/logo_eurven_black.png\",\"contentUrl\":\"https:\/\/eurven.com\/wp-content\/uploads\/2019\/12\/logo_eurven_black.png\",\"width\":200,\"height\":180,\"caption\":\"Eurven\"},\"image\":{\"@id\":\"https:\/\/eurven.com\/en\/#\/schema\/logo\/image\/\"}}]}<\/script>\n<!-- \/ Yoast SEO plugin. -->","yoast_head_json":{"title":"Soporte y Servicio - Eurven","robots":{"index":"index","follow":"follow","max-snippet":"max-snippet:-1","max-image-preview":"max-image-preview:large","max-video-preview":"max-video-preview:-1"},"canonical":"https:\/\/eurven.com\/es\/soporte-y-servicio\/","og_locale":"es_ES","og_type":"article","og_title":"Soporte y Servicio - Eurven","og_description":"[vc_row equal_height=\u00bbyes\u00bb content_placement=\u00bbbottom\u00bb css_animation=\u00bbnone\u00bb cms_row_overflow=\u00bbrow-overflow-unset\u00bb][vc_column][vc_row_inner][vc_column_inner css=\u00bb.vc_custom_1564634316752{padding-right: 50px !important;}\u00bb][cms_heading subtitle_margin_bottom=\u00bb11px\u00bb text=\u00bbEl Servicio Eurven\u00bb title_font_size=\u00bb37px\u00bb title_line_height=\u00bb52px\u00bb font_weight=\u00bb700&#8243; cms_template=\u00bbcms_heading&#8211;layout3.php\u00bb][vc_column_text css=\u00bb.vc_custom_1624286466222{margin-top: 31px !important;margin-bottom: 26px !important;padding-right: 25px !important;}\u00bb]Damos la m\u00e1xima importancia y valor al soporte y servicio postventa. Nuestro centro de mantenimiento responde r\u00e1pida y claramente a las necesidades del cliente. Nuestra red de socios gestiona de manera eficiente todos [&hellip;]","og_url":"https:\/\/eurven.com\/es\/soporte-y-servicio\/","og_site_name":"Eurven","article_modified_time":"2021-06-22T08:04:11+00:00","twitter_card":"summary_large_image","twitter_misc":{"Tiempo de lectura":"1 minuto"},"schema":{"@context":"https:\/\/schema.org","@graph":[{"@type":"WebPage","@id":"https:\/\/eurven.com\/es\/soporte-y-servicio\/","url":"https:\/\/eurven.com\/es\/soporte-y-servicio\/","name":"Soporte y Servicio - Eurven","isPartOf":{"@id":"https:\/\/eurven.com\/en\/#website"},"datePublished":"2021-06-21T14:43:41+00:00","dateModified":"2021-06-22T08:04:11+00:00","breadcrumb":{"@id":"https:\/\/eurven.com\/es\/soporte-y-servicio\/#breadcrumb"},"inLanguage":"es","potentialAction":[{"@type":"ReadAction","target":["https:\/\/eurven.com\/es\/soporte-y-servicio\/"]}]},{"@type":"BreadcrumbList","@id":"https:\/\/eurven.com\/es\/soporte-y-servicio\/#breadcrumb","itemListElement":[{"@type":"ListItem","position":1,"name":"Home","item":"https:\/\/eurven.com\/es\/"},{"@type":"ListItem","position":2,"name":"Soporte y Servicio"}]},{"@type":"WebSite","@id":"https:\/\/eurven.com\/en\/#website","url":"https:\/\/eurven.com\/en\/","name":"Eurven","description":"Compacting and recycling tecnology","publisher":{"@id":"https:\/\/eurven.com\/en\/#organization"},"potentialAction":[{"@type":"SearchAction","target":{"@type":"EntryPoint","urlTemplate":"https:\/\/eurven.com\/en\/?s={search_term_string}"},"query-input":"required name=search_term_string"}],"inLanguage":"es"},{"@type":"Organization","@id":"https:\/\/eurven.com\/en\/#organization","name":"Eurven","url":"https:\/\/eurven.com\/en\/","logo":{"@type":"ImageObject","inLanguage":"es","@id":"https:\/\/eurven.com\/en\/#\/schema\/logo\/image\/","url":"https:\/\/eurven.com\/wp-content\/uploads\/2019\/12\/logo_eurven_black.png","contentUrl":"https:\/\/eurven.com\/wp-content\/uploads\/2019\/12\/logo_eurven_black.png","width":200,"height":180,"caption":"Eurven"},"image":{"@id":"https:\/\/eurven.com\/en\/#\/schema\/logo\/image\/"}}]}},"_links":{"self":[{"href":"https:\/\/eurven.com\/es\/wp-json\/wp\/v2\/pages\/4051"}],"collection":[{"href":"https:\/\/eurven.com\/es\/wp-json\/wp\/v2\/pages"}],"about":[{"href":"https:\/\/eurven.com\/es\/wp-json\/wp\/v2\/types\/page"}],"author":[{"embeddable":true,"href":"https:\/\/eurven.com\/es\/wp-json\/wp\/v2\/users\/2"}],"replies":[{"embeddable":true,"href":"https:\/\/eurven.com\/es\/wp-json\/wp\/v2\/comments?post=4051"}],"version-history":[{"count":4,"href":"https:\/\/eurven.com\/es\/wp-json\/wp\/v2\/pages\/4051\/revisions"}],"predecessor-version":[{"id":4155,"href":"https:\/\/eurven.com\/es\/wp-json\/wp\/v2\/pages\/4051\/revisions\/4155"}],"wp:attachment":[{"href":"https:\/\/eurven.com\/es\/wp-json\/wp\/v2\/media?parent=4051"}],"curies":[{"name":"wp","href":"https:\/\/api.w.org\/{rel}","templated":true}]}}