{"id":4043,"date":"2021-06-21T14:29:35","date_gmt":"2021-06-21T14:29:35","guid":{"rendered":"http:\/\/eurven.com\/?page_id=4043"},"modified":"2021-06-21T15:02:18","modified_gmt":"2021-06-21T15:02:18","slug":"compactadores-ecologicos","status":"publish","type":"page","link":"https:\/\/eurven.com\/es\/compactadores-ecologicos\/","title":{"rendered":"Compactadores Ecologicos"},"content":{"rendered":"<p>[vc_row][vc_column][cms_space space_lg=\u00bb25&#8243; space_md=\u00bb25&#8243; space_sm=\u00bb25&#8243; space_xs=\u00bb25&#8243;][\/vc_column][\/vc_row][vc_row][vc_column][cms_heading subtitle_margin_bottom=\u00bb11px\u00bb text=\u00bbCompactadores ecol\u00f3gicos, \u00bfque son?\u00bb title_font_size=\u00bb37px\u00bb title_line_height=\u00bb52px\u00bb font_weight=\u00bb700&#8243; cms_template=\u00bbcms_heading&#8211;layout3.php\u00bb][\/vc_column][\/vc_row][vc_row][vc_column width=\u00bb1\/3&#8243;][cms_space space_lg=\u00bb50&#8243; space_md=\u00bb50&#8243; space_sm=\u00bb50&#8243; space_xs=\u00bb30&#8243;][vc_column_text css=\u00bb.vc_custom_1624285180177{padding-right: 25px !important;}\u00bb]Los <strong>Compactadores Ecologicos<\/strong> y Reverse Vending Machine son m\u00e1quinas automatizadas que clasifican los residuos, reduciendo su volumen. Estos productos de recuperaci\u00f3n de envases a menudo se organizan en tres compartimentos, para permitir la recolecci\u00f3n separada de botellas PET, latas de aluminio y botellas de detergente.<\/p>\n<p>Los Compactadores Ecologicos de Eurven son ideales para el reciclaje de empresas, como centros comerciales y oficinas p\u00fablicas. De hecho, cada vez que se introduce un elemento reciclable, <strong>la m\u00e1quina emite un recibo que incluye un cup\u00f3n o un bono de descuento<\/strong>. \u00bfQu\u00e9 puedes hacer con este cup\u00f3n? En los casos en que el Municipio o la actividad comercial se adhieran a la iniciativa, se puede gastar en comercios afiliados, o acumular cupones para tener una deducci\u00f3n en la tasa de basura.<\/p>\n<p>El <strong>incentivo a reciclar<\/strong> incrementa la promoci\u00f3n de la educaci\u00f3n ambiental, gracias a la sinergia entre diversas actividades econ\u00f3micas y sociales, comprometidas con el crecimiento del \u00e1mbito.[\/vc_column_text][cms_space space_lg=\u00bb50&#8243; space_md=\u00bb50&#8243; space_sm=\u00bb50&#8243; space_xs=\u00bb30&#8243;][\/vc_column][vc_column width=\u00bb2\/3&#8243;][cms_space space_lg=\u00bb50&#8243; space_md=\u00bb50&#8243; space_sm=\u00bb50&#8243; space_xs=\u00bb30&#8243;][cms_heading subtitle_margin_bottom=\u00bb11px\u00bb text=\u00bbDescubre los beneficios\u00bb tag=\u00bbh3&#8243; title_font_size=\u00bb30px\u00bb title_line_height=\u00bb32px\u00bb cms_template=\u00bbcms_heading&#8211;layout3.php\u00bb][cms_space space_lg=\u00bb30&#8243; space_md=\u00bb30&#8243; space_sm=\u00bb30&#8243; space_xs=\u00bb20&#8243;][cms_accordion cms_accordion=\u00bb%5B%7B%22ac_title%22%3A%22F%C3%A1cil%20de%20usar%22%2C%22ac_content%22%3A%22%3Ch4%3ECompactadores%20ecol%C3%B3gicos%2C%20c%C3%B3mo%20funcionan%3C%2Fh4%3E%5Cn%5Cn%3Cp%3ELos%20ciudadanos%20han%20aprendido%20sobre%20los%20compactadores%20ecol%C3%B3gicos%20para%20incentivar%20el%20reciclaje%3B%20si%20est%C3%A1n%20presentes%20en%20establecimientos%20p%C3%BAblicos%20y%20en%20sus%20propios%20municipios%2C%20van%20utilizados%20de%20forma%20espont%C3%A1nea.%3C%2Fp%3E%5Cn%3Cp%3E%5Cn%C2%A1Usar%20compactadores%20Eurven%20es%20inteligente!%20El%20compactador%20ecol%C3%B3gico%20imprime%20el%20cup%C3%B3n%20o%20lo%20registra%20en%20la%20aplicaci%C3%B3n%20que%20hemos%20dise%C3%B1ado.%20Hemos%20pensado%20en%20un%20sistema%20de%20reciclaje%20funcional%20e%20intuitivo%20para%20todos%3B%20desde%20las%20empresas%20p%C3%BAblicas%20hasta%20los%20municipios%20y%20para%20los%20usuarios%20finales.%20%5Cn%3C%2Fp%3E%22%7D%2C%7B%22ac_title%22%3A%22D%C3%B3nde%20los%20encuentras%22%2C%22ac_content%22%3A%22%3Ch4%3EInst%C3%A1lalos%20donde%20quieras%3C%2Fh4%3E%5CnLos%20compactadores%20ecol%C3%B3gicos%20se%20pueden%20instalar%20tanto%20en%20el%20interior%20de%20edificios%20como%20cerca%20de%20locales%20p%C3%BAblicos%2C%20tipo%20escuelas%20y%20hospitales%2C%20o%20en%20empresas%20afiliadas.%20Creamos%20maquinaria%20para%20la%20reducci%C3%B3n%20de%20envases%20vac%C3%ADos%20tanto%20en%20lugares%20interiores%20como%20exteriores.%5Cn%5Cn%22%7D%2C%7B%22ac_title%22%3A%22Cultura%20del%20reciclaje%22%2C%22ac_content%22%3A%22%3Ch4%3ECrean%20Valor%20Para%20La%20Ciudadan%C3%ADa%3C%2Fh4%3E%5CnLos%20compactadores%20ecol%C3%B3gicos%20instalados%20en%20las%20escuelas%20tambi%C3%A9n%20son%20una%20oportunidad%20para%20realizar%20un%20itinerario%20educativo%20en%20el%20tema%20del%20reciclaje%20adecuado%20de%20los%20desperdicios.%20Al%20usarlos%20todos%20los%20d%C3%ADas%2C%20las%20nuevas%20generaciones%20conocen%20el%20valor%20de%20proteger%20el%20medio%20ambiente%20y%20el%20territorio.%20%5Cn%5CnLos%20ni%C3%B1os%20involucrados%20adquieren%20as%C3%AD%20una%20mayor%20conciencia%20de%20las%20buenas%20pr%C3%A1cticas%20del%20reciclaje%2C%20transmitiendo%20estas%20ense%C3%B1anzas%20tambi%C3%A9n%20a%20sus%20amigos%20y%20familiares.%20Con%20el%20incentivo%20a%20reciclar%20es%20posible%20transformar%20los%20bonos%20emitidos%20por%20el%20compactador%20ecol%C3%B3gico%20en%20dinero%20para%20la%20compra%20de%20material%20escolar.%5Cn%22%7D%2C%7B%22ac_title%22%3A%22Sistema%20de%20Dep%C3%B3sito%2C%20Devoluci%C3%B3n%20y%20Retorno%20(SDDR)%22%2C%22ac_content%22%3A%22%3Ch4%3EQu%C3%A9%20es%20y%20c%C3%B3mo%20funciona%3C%2Fh4%3E%5CnEn%20Europa%20y%20en%20muchos%20pa%C3%ADses%20del%20mundo%2C%20existe%20la%20ley%20que%20regula%20el%20%5C%22Sistema%20de%20Dep%C3%B3sito%2C%20Devoluci%C3%B3n%20y%20Retorno%5C%22.%20Al%20comprar%20envases%20(botellas%20de%20pl%C3%A1stico%20%2F%20latas%20o%20botellas%20de%20vidrio)%20el%20ciudadano%20%2F%20consumidor%20paga%20autom%C3%A1ticamente%20un%20DEP%C3%93SITO%20al%20momento%20de%20la%20compra%20(puede%20variar%20de%200%2C02%20%E2%82%AC%20a%200%2C25%20%E2%82%AC%20cada%20uno).%5CnEl%20DEP%C3%93SITO%20ser%C3%A1%20devuelto%20cuando%20el%20ciudadano%20%2F%20consumidor%20restituye%20la%20botella%20al%20lugar%20donde%20habitualmente%20la%20compr%C3%B3%20(normalmente%20el%20supermercado).%20Aqu%C3%AD%20puedes%20encontrar%20las%20RVM%20(Reverse%20Vending%20Machines)%2C%20m%C3%A1quinas%20que%20aceptan%20botellas%20de%20pl%C3%A1stico%20(%20tambi%C3%A9n%20de%20vidrio%20o%20latas)%20y%20despu%C3%A9s%20de%20haber%20reconocido%20precisamente%20el%20contenedor%20insertado%2C%20devuelven%20el%20DEP%C3%93SITO%20exacto%20(en%20forma%20de%20cupones%20%2F%20bonos)%20que%20el%20ciudadano%20%2F%20consumidor%20hab%C3%ADa%20pagado%20por%20adelantado%20durante%20la%20fase%20de%20compra.%5Cn%5Cn%22%7D%5D\u00bb][\/vc_column][\/vc_row][vc_row][vc_column][cms_case_studies_carousel custom_source=\u00bbtrue\u00bb col_xs=\u00bb1&#8243; col_sm=\u00bb2&#8243; col_md=\u00bb3&#8243; col_lg=\u00bb3&#8243; loop=\u00bbtrue\u00bb bullets=\u00bbtrue\u00bb source=\u00bbbottiglie-di-plastica-e-lattine|portfolio-category\u00bb][cms_space space_lg=\u00bb50&#8243; space_md=\u00bb50&#8243; space_sm=\u00bb50&#8243; space_xs=\u00bb30&#8243;][cms_button button_text=\u00bbDescubre todas Las Reverse Vending Machines\u00bb button_link=\u00bburl:https%3A%2F%2Feurven.com%2Freverse-vending-machine%2F|title:Reverse%20vending%20machine||\u00bb align_lg=\u00bbalign-center\u00bb align_md=\u00bbalign-center-md\u00bb align_sm=\u00bbalign-center-sm\u00bb align_xs=\u00bbalign-center-xs\u00bb][\/vc_column][\/vc_row]<\/p>\n","protected":false},"excerpt":{"rendered":"<p>[vc_row][vc_column][cms_space space_lg=\u00bb25&#8243; space_md=\u00bb25&#8243; space_sm=\u00bb25&#8243; space_xs=\u00bb25&#8243;][\/vc_column][\/vc_row][vc_row][vc_column][cms_heading subtitle_margin_bottom=\u00bb11px\u00bb text=\u00bbCompactadores ecol\u00f3gicos, \u00bfque son?\u00bb title_font_size=\u00bb37px\u00bb title_line_height=\u00bb52px\u00bb font_weight=\u00bb700&#8243; cms_template=\u00bbcms_heading&#8211;layout3.php\u00bb][\/vc_column][\/vc_row][vc_row][vc_column width=\u00bb1\/3&#8243;][cms_space space_lg=\u00bb50&#8243; space_md=\u00bb50&#8243; space_sm=\u00bb50&#8243; space_xs=\u00bb30&#8243;][vc_column_text css=\u00bb.vc_custom_1624285180177{padding-right: 25px !important;}\u00bb]Los Compactadores Ecologicos y Reverse Vending Machine son m\u00e1quinas automatizadas que clasifican los residuos, reduciendo su volumen. Estos productos de recuperaci\u00f3n de envases a menudo se organizan en tres compartimentos, para permitir la recolecci\u00f3n [&hellip;]<\/p>\n","protected":false},"author":2,"featured_media":0,"parent":0,"menu_order":0,"comment_status":"closed","ping_status":"closed","template":"","meta":[],"yoast_head":"<!-- This site is optimized with the Yoast SEO plugin v20.0 - https:\/\/yoast.com\/wordpress\/plugins\/seo\/ -->\n<title>Compactadores Ecologicos - Eurven<\/title>\n<meta name=\"robots\" content=\"index, follow, max-snippet:-1, max-image-preview:large, max-video-preview:-1\" \/>\n<link rel=\"canonical\" href=\"https:\/\/eurven.com\/es\/compactadores-ecologicos\/\" \/>\n<meta property=\"og:locale\" content=\"es_ES\" \/>\n<meta property=\"og:type\" content=\"article\" \/>\n<meta property=\"og:title\" content=\"Compactadores Ecologicos - Eurven\" \/>\n<meta property=\"og:description\" content=\"[vc_row][vc_column][cms_space space_lg=\u00bb25&#8243; space_md=\u00bb25&#8243; space_sm=\u00bb25&#8243; space_xs=\u00bb25&#8243;][\/vc_column][\/vc_row][vc_row][vc_column][cms_heading subtitle_margin_bottom=\u00bb11px\u00bb text=\u00bbCompactadores ecol\u00f3gicos, \u00bfque son?\u00bb title_font_size=\u00bb37px\u00bb title_line_height=\u00bb52px\u00bb font_weight=\u00bb700&#8243; cms_template=\u00bbcms_heading&#8211;layout3.php\u00bb][\/vc_column][\/vc_row][vc_row][vc_column width=\u00bb1\/3&#8243;][cms_space space_lg=\u00bb50&#8243; space_md=\u00bb50&#8243; space_sm=\u00bb50&#8243; space_xs=\u00bb30&#8243;][vc_column_text css=\u00bb.vc_custom_1624285180177{padding-right: 25px !important;}\u00bb]Los Compactadores Ecologicos y Reverse Vending Machine son m\u00e1quinas automatizadas que clasifican los residuos, reduciendo su volumen. Estos productos de recuperaci\u00f3n de envases a menudo se organizan en tres compartimentos, para permitir la recolecci\u00f3n [&hellip;]\" \/>\n<meta property=\"og:url\" content=\"https:\/\/eurven.com\/es\/compactadores-ecologicos\/\" \/>\n<meta property=\"og:site_name\" content=\"Eurven\" \/>\n<meta property=\"article:modified_time\" content=\"2021-06-21T15:02:18+00:00\" \/>\n<meta name=\"twitter:card\" content=\"summary_large_image\" \/>\n<meta name=\"twitter:label1\" content=\"Tiempo de lectura\" \/>\n\t<meta name=\"twitter:data1\" content=\"1 minuto\" \/>\n<script type=\"application\/ld+json\" class=\"yoast-schema-graph\">{\"@context\":\"https:\/\/schema.org\",\"@graph\":[{\"@type\":\"WebPage\",\"@id\":\"https:\/\/eurven.com\/es\/compactadores-ecologicos\/\",\"url\":\"https:\/\/eurven.com\/es\/compactadores-ecologicos\/\",\"name\":\"Compactadores Ecologicos - Eurven\",\"isPartOf\":{\"@id\":\"https:\/\/eurven.com\/en\/#website\"},\"datePublished\":\"2021-06-21T14:29:35+00:00\",\"dateModified\":\"2021-06-21T15:02:18+00:00\",\"breadcrumb\":{\"@id\":\"https:\/\/eurven.com\/es\/compactadores-ecologicos\/#breadcrumb\"},\"inLanguage\":\"es\",\"potentialAction\":[{\"@type\":\"ReadAction\",\"target\":[\"https:\/\/eurven.com\/es\/compactadores-ecologicos\/\"]}]},{\"@type\":\"BreadcrumbList\",\"@id\":\"https:\/\/eurven.com\/es\/compactadores-ecologicos\/#breadcrumb\",\"itemListElement\":[{\"@type\":\"ListItem\",\"position\":1,\"name\":\"Home\",\"item\":\"https:\/\/eurven.com\/es\/\"},{\"@type\":\"ListItem\",\"position\":2,\"name\":\"Compactadores Ecologicos\"}]},{\"@type\":\"WebSite\",\"@id\":\"https:\/\/eurven.com\/en\/#website\",\"url\":\"https:\/\/eurven.com\/en\/\",\"name\":\"Eurven\",\"description\":\"Compacting and recycling tecnology\",\"publisher\":{\"@id\":\"https:\/\/eurven.com\/en\/#organization\"},\"potentialAction\":[{\"@type\":\"SearchAction\",\"target\":{\"@type\":\"EntryPoint\",\"urlTemplate\":\"https:\/\/eurven.com\/en\/?s={search_term_string}\"},\"query-input\":\"required name=search_term_string\"}],\"inLanguage\":\"es\"},{\"@type\":\"Organization\",\"@id\":\"https:\/\/eurven.com\/en\/#organization\",\"name\":\"Eurven\",\"url\":\"https:\/\/eurven.com\/en\/\",\"logo\":{\"@type\":\"ImageObject\",\"inLanguage\":\"es\",\"@id\":\"https:\/\/eurven.com\/en\/#\/schema\/logo\/image\/\",\"url\":\"https:\/\/eurven.com\/wp-content\/uploads\/2019\/12\/logo_eurven_black.png\",\"contentUrl\":\"https:\/\/eurven.com\/wp-content\/uploads\/2019\/12\/logo_eurven_black.png\",\"width\":200,\"height\":180,\"caption\":\"Eurven\"},\"image\":{\"@id\":\"https:\/\/eurven.com\/en\/#\/schema\/logo\/image\/\"}}]}<\/script>\n<!-- \/ Yoast SEO plugin. -->","yoast_head_json":{"title":"Compactadores Ecologicos - Eurven","robots":{"index":"index","follow":"follow","max-snippet":"max-snippet:-1","max-image-preview":"max-image-preview:large","max-video-preview":"max-video-preview:-1"},"canonical":"https:\/\/eurven.com\/es\/compactadores-ecologicos\/","og_locale":"es_ES","og_type":"article","og_title":"Compactadores Ecologicos - Eurven","og_description":"[vc_row][vc_column][cms_space space_lg=\u00bb25&#8243; space_md=\u00bb25&#8243; space_sm=\u00bb25&#8243; space_xs=\u00bb25&#8243;][\/vc_column][\/vc_row][vc_row][vc_column][cms_heading subtitle_margin_bottom=\u00bb11px\u00bb text=\u00bbCompactadores ecol\u00f3gicos, \u00bfque son?\u00bb title_font_size=\u00bb37px\u00bb title_line_height=\u00bb52px\u00bb font_weight=\u00bb700&#8243; cms_template=\u00bbcms_heading&#8211;layout3.php\u00bb][\/vc_column][\/vc_row][vc_row][vc_column width=\u00bb1\/3&#8243;][cms_space space_lg=\u00bb50&#8243; space_md=\u00bb50&#8243; space_sm=\u00bb50&#8243; space_xs=\u00bb30&#8243;][vc_column_text css=\u00bb.vc_custom_1624285180177{padding-right: 25px !important;}\u00bb]Los Compactadores Ecologicos y Reverse Vending Machine son m\u00e1quinas automatizadas que clasifican los residuos, reduciendo su volumen. Estos productos de recuperaci\u00f3n de envases a menudo se organizan en tres compartimentos, para permitir la recolecci\u00f3n [&hellip;]","og_url":"https:\/\/eurven.com\/es\/compactadores-ecologicos\/","og_site_name":"Eurven","article_modified_time":"2021-06-21T15:02:18+00:00","twitter_card":"summary_large_image","twitter_misc":{"Tiempo de lectura":"1 minuto"},"schema":{"@context":"https:\/\/schema.org","@graph":[{"@type":"WebPage","@id":"https:\/\/eurven.com\/es\/compactadores-ecologicos\/","url":"https:\/\/eurven.com\/es\/compactadores-ecologicos\/","name":"Compactadores Ecologicos - Eurven","isPartOf":{"@id":"https:\/\/eurven.com\/en\/#website"},"datePublished":"2021-06-21T14:29:35+00:00","dateModified":"2021-06-21T15:02:18+00:00","breadcrumb":{"@id":"https:\/\/eurven.com\/es\/compactadores-ecologicos\/#breadcrumb"},"inLanguage":"es","potentialAction":[{"@type":"ReadAction","target":["https:\/\/eurven.com\/es\/compactadores-ecologicos\/"]}]},{"@type":"BreadcrumbList","@id":"https:\/\/eurven.com\/es\/compactadores-ecologicos\/#breadcrumb","itemListElement":[{"@type":"ListItem","position":1,"name":"Home","item":"https:\/\/eurven.com\/es\/"},{"@type":"ListItem","position":2,"name":"Compactadores Ecologicos"}]},{"@type":"WebSite","@id":"https:\/\/eurven.com\/en\/#website","url":"https:\/\/eurven.com\/en\/","name":"Eurven","description":"Compacting and recycling tecnology","publisher":{"@id":"https:\/\/eurven.com\/en\/#organization"},"potentialAction":[{"@type":"SearchAction","target":{"@type":"EntryPoint","urlTemplate":"https:\/\/eurven.com\/en\/?s={search_term_string}"},"query-input":"required name=search_term_string"}],"inLanguage":"es"},{"@type":"Organization","@id":"https:\/\/eurven.com\/en\/#organization","name":"Eurven","url":"https:\/\/eurven.com\/en\/","logo":{"@type":"ImageObject","inLanguage":"es","@id":"https:\/\/eurven.com\/en\/#\/schema\/logo\/image\/","url":"https:\/\/eurven.com\/wp-content\/uploads\/2019\/12\/logo_eurven_black.png","contentUrl":"https:\/\/eurven.com\/wp-content\/uploads\/2019\/12\/logo_eurven_black.png","width":200,"height":180,"caption":"Eurven"},"image":{"@id":"https:\/\/eurven.com\/en\/#\/schema\/logo\/image\/"}}]}},"_links":{"self":[{"href":"https:\/\/eurven.com\/es\/wp-json\/wp\/v2\/pages\/4043"}],"collection":[{"href":"https:\/\/eurven.com\/es\/wp-json\/wp\/v2\/pages"}],"about":[{"href":"https:\/\/eurven.com\/es\/wp-json\/wp\/v2\/types\/page"}],"author":[{"embeddable":true,"href":"https:\/\/eurven.com\/es\/wp-json\/wp\/v2\/users\/2"}],"replies":[{"embeddable":true,"href":"https:\/\/eurven.com\/es\/wp-json\/wp\/v2\/comments?post=4043"}],"version-history":[{"count":3,"href":"https:\/\/eurven.com\/es\/wp-json\/wp\/v2\/pages\/4043\/revisions"}],"predecessor-version":[{"id":4066,"href":"https:\/\/eurven.com\/es\/wp-json\/wp\/v2\/pages\/4043\/revisions\/4066"}],"wp:attachment":[{"href":"https:\/\/eurven.com\/es\/wp-json\/wp\/v2\/media?parent=4043"}],"curies":[{"name":"wp","href":"https:\/\/api.w.org\/{rel}","templated":true}]}}